{"id":21,"date":"2016-09-05T10:58:59","date_gmt":"2016-09-05T10:58:59","guid":{"rendered":"http:\/\/www.ebxm.es\/?page_id=21"},"modified":"2024-04-16T13:22:05","modified_gmt":"2024-04-16T11:22:05","slug":"en-bici-por-la-movilidad-empresas","status":"publish","type":"page","link":"https:\/\/www.ebxm.es\/","title":{"rendered":"EBxM"},"content":{"rendered":"<p><img decoding=\"async\" style=\"float: right; height: 210px; margin: 0px 0px 10px 10px; width: 280px;\" title=\"EBxM Empresas\" src=\"https:\/\/www.ebxm.es\/wp-content\/uploads\/2016\/09\/IMG_5376-768x576.jpg\" alt=\"EBxM Empresas\" border=\"0\" \/><\/p>\n<p><strong>En Bici por la Movilidad (EBxM) <\/strong>es consultora en movilidad y transporte. Dise\u00f1a. implanta y realiza el seguimiento de planes de movilidad urbana e interurbana (PMUS) y Planes de transporte sostenible al centro de trabajo (PTT).<\/p>\n<p>Cada d\u00eda una gran parte de nuestro tiempo lo empleamos en ir y volver al lugar de trabajo\/estudios, y estos desplazamientos tienen unas externalidades claras en nuestras vidas y en nuestro entorno: p\u00e9rdida de tiempo, estr\u00e9s, humos, ruido, accidentalidad&#8230;<\/p>\n<p>EBxM realiza servicios a empresas e instituciones que est\u00e9n decididas a implicarse en la movilidad de las personas, buscando soluciones basadas en la movilidad activa, los veh\u00edculos eficientes, los veh\u00edculos de alta ocupaci\u00f3n y la intermodalidad.<\/p>\n<p>Tambi\u00e9n somos distribuidores de soluciones tecnol\u00f3gicas de gesti\u00f3n de espacios y control de uso y monitorizaci\u00f3n, como aparcamientos o zonas comunes en comunidades.<\/p>\n<p><strong>Equipo<\/strong><\/p>\n<p>EBxM nace en 2015 tras la\u00a0experiencia acumulada en\u00a0el blog <em>En Bici por Madrid<\/em>, uno de los principales referentes sobre ciclismo urbano en lengua hispana. Adem\u00e1s se combina con la experiencia y formaci\u00f3n previa en arquitectura, urbanismo, ingenier\u00eda y transporte.<\/p>\n<p>Nuestro equipo multidisciplinar est\u00e1 formado por arquitectos, ingenieros, t\u00e9cnicos y creativos.<\/p>\n","protected":false},"excerpt":{"rendered":"<p>En Bici por la Movilidad (EBxM) es consultora en movilidad y transporte. Dise\u00f1a. implanta y realiza el seguimiento de planes de movilidad urbana e interurbana (PMUS) y Planes de transporte&hellip; <a class=\"excerpt-more-link\" href=\"https:\/\/www.ebxm.es\/\">Read More<\/a><\/p>\n","protected":false},"author":1,"featured_media":0,"parent":0,"menu_order":0,"comment_status":"closed","ping_status":"closed","template":"","meta":{"footnotes":""},"_links":{"self":[{"href":"https:\/\/www.ebxm.es\/index.php\/wp-json\/wp\/v2\/pages\/21"}],"collection":[{"href":"https:\/\/www.ebxm.es\/index.php\/wp-json\/wp\/v2\/pages"}],"about":[{"href":"https:\/\/www.ebxm.es\/index.php\/wp-json\/wp\/v2\/types\/page"}],"author":[{"embeddable":true,"href":"https:\/\/www.ebxm.es\/index.php\/wp-json\/wp\/v2\/users\/1"}],"replies":[{"embeddable":true,"href":"https:\/\/www.ebxm.es\/index.php\/wp-json\/wp\/v2\/comments?post=21"}],"version-history":[{"count":32,"href":"https:\/\/www.ebxm.es\/index.php\/wp-json\/wp\/v2\/pages\/21\/revisions"}],"predecessor-version":[{"id":729,"href":"https:\/\/www.ebxm.es\/index.php\/wp-json\/wp\/v2\/pages\/21\/revisions\/729"}],"wp:attachment":[{"href":"https:\/\/www.ebxm.es\/index.php\/wp-json\/wp\/v2\/media?parent=21"}],"curies":[{"name":"wp","href":"https:\/\/api.w.org\/{rel}","templated":true}]}}