{"id":344,"date":"2019-12-20T13:15:40","date_gmt":"2019-12-20T12:15:40","guid":{"rendered":"http:\/\/www.ebxm.es\/?page_id=344"},"modified":"2025-06-03T11:56:21","modified_gmt":"2025-06-03T09:56:21","slug":"proyectos-destacados","status":"publish","type":"page","link":"https:\/\/www.ebxm.es\/index.php\/proyectos-destacados\/","title":{"rendered":"Proyectos destacados"},"content":{"rendered":"<h2><img loading=\"lazy\" decoding=\"async\" class=\"size-full wp-image-476 alignleft\" src=\"https:\/\/www.ebxm.es\/wp-content\/uploads\/2019\/12\/Icono-Planes-empresas.png\" alt=\"Planes empresas EBXM\" width=\"1100\" height=\"142\" srcset=\"https:\/\/www.ebxm.es\/wp-content\/uploads\/2019\/12\/Icono-Planes-empresas.png 1100w, https:\/\/www.ebxm.es\/wp-content\/uploads\/2019\/12\/Icono-Planes-empresas-300x39.png 300w, https:\/\/www.ebxm.es\/wp-content\/uploads\/2019\/12\/Icono-Planes-empresas-768x99.png 768w, https:\/\/www.ebxm.es\/wp-content\/uploads\/2019\/12\/Icono-Planes-empresas-1024x132.png 1024w, https:\/\/www.ebxm.es\/wp-content\/uploads\/2019\/12\/Icono-Planes-empresas-1000x129.png 1000w\" sizes=\"(max-width: 1100px) 100vw, 1100px\" \/><\/h2>\n<p>&nbsp;<\/p>\n<p>&nbsp;<\/p>\n<p>&nbsp;<\/p>\n<p style=\"padding-left: 30px;\"><strong>Taller de puesta a punto de bicicletas para empleados de Tragsa en la Semana Europea de la Movilidad (2024)<br \/>\nCliente: <\/strong>Tragsa<strong>.<br \/>\n\u00c1mbito: <\/strong>Centros de trabajo Madrid Juli\u00e1n Camarillo<strong>.<\/strong><\/p>\n<p style=\"padding-left: 30px;\"><strong>Talleres online sobre desplazamiento sostenible y h\u00e1bitos saludables (2024)<br \/>\nCliente: <\/strong>Varios.<strong><br \/>\n\u00c1mbito: <\/strong>Centros de trabajo.<\/p>\n<p style=\"padding-left: 30px;\"><strong>Evaluaci\u00f3n de h\u00e1bitos de movilidad de empleados en Sanitas (2022)<br \/>\n<\/strong>Cliente: Sanitas.<br \/>\n\u00c1mbito: Centros de trabajo en Espa\u00f1a.<\/p>\n<p style=\"padding-left: 30px;\"><strong>Plan\u00a0de movilidad y su implementaci\u00f3n en la S.E. Correos y Tel\u00e9grafos, S.A., S.M.E (2021)<br \/>\n<\/strong>Cliente: Correos.<br \/>\n\u00c1mbito: Espa\u00f1a.<\/p>\n<p style=\"padding-left: 30px;\"><strong>Plan\u00a0de movilidad y transporte para la certificaci\u00f3n BREEAM de las dos sedes hist\u00f3ricas del Banco Santander (2020)<br \/>\n<\/strong>Cliente:\u00a0IDOM.<br \/>\n\u00c1mbito:\u00a0Santander, Cantabria.<\/p>\n<p style=\"padding-left: 30px;\"><strong>Plan \u2018En bici al trabajo\u2019, incluyendo asesor\u00eda y pago de km (2016-2017)<\/strong><br \/>\nCliente:\u00a0Liberty Seguros.<br \/>\n\u00c1mbito:\u00a0Madrid, Barcelona y Bilbao.<br \/>\n<em><a href=\"https:\/\/app.box.com\/s\/9l85a83n9do08dh7twb0z7547cxfyoj9\" target=\"_blank\" rel=\"noopener\">6 meses promocionando la bici entre empleados: El informe Liberty<\/a><\/em><\/p>\n<hr \/>\n<p style=\"padding-left: 30px;\"><img loading=\"lazy\" decoding=\"async\" class=\"size-full wp-image-477 alignleft\" src=\"https:\/\/www.ebxm.es\/wp-content\/uploads\/2019\/12\/Icono-Camino-escolar.png\" alt=\"Camino escolar EBxM\" width=\"1100\" height=\"142\" srcset=\"https:\/\/www.ebxm.es\/wp-content\/uploads\/2019\/12\/Icono-Camino-escolar.png 1100w, https:\/\/www.ebxm.es\/wp-content\/uploads\/2019\/12\/Icono-Camino-escolar-300x39.png 300w, https:\/\/www.ebxm.es\/wp-content\/uploads\/2019\/12\/Icono-Camino-escolar-768x99.png 768w, https:\/\/www.ebxm.es\/wp-content\/uploads\/2019\/12\/Icono-Camino-escolar-1024x132.png 1024w, https:\/\/www.ebxm.es\/wp-content\/uploads\/2019\/12\/Icono-Camino-escolar-1000x129.png 1000w\" sizes=\"(max-width: 1100px) 100vw, 1100px\" \/><\/p>\n<p style=\"padding-left: 30px;\"><strong>Camino escolar a pie y en bicicleta (2017)<\/strong><br \/>\nCliente: Junta de Distrito de Fuencarral-El Pardo. Ayuntamiento de Madrid.<br \/>\n\u00c1mbito: 4 colegios del distrito.<br \/>\n<em><a href=\"http:\/\/caminoescolarfuencarral.blogspot.com\/\" target=\"_blank\" rel=\"noopener\">Web del proyecto<\/a><\/em><\/p>\n<hr \/>\n<p style=\"padding-left: 30px;\"><img loading=\"lazy\" decoding=\"async\" class=\"size-full wp-image-478 alignleft\" src=\"https:\/\/www.ebxm.es\/wp-content\/uploads\/2019\/12\/Icono-Planes-aytos.png\" alt=\"Planes Movilidad EBxM\" width=\"1100\" height=\"142\" srcset=\"https:\/\/www.ebxm.es\/wp-content\/uploads\/2019\/12\/Icono-Planes-aytos.png 1100w, https:\/\/www.ebxm.es\/wp-content\/uploads\/2019\/12\/Icono-Planes-aytos-300x39.png 300w, https:\/\/www.ebxm.es\/wp-content\/uploads\/2019\/12\/Icono-Planes-aytos-768x99.png 768w, https:\/\/www.ebxm.es\/wp-content\/uploads\/2019\/12\/Icono-Planes-aytos-1024x132.png 1024w, https:\/\/www.ebxm.es\/wp-content\/uploads\/2019\/12\/Icono-Planes-aytos-1000x129.png 1000w\" sizes=\"(max-width: 1100px) 100vw, 1100px\" \/><\/p>\n<p>&nbsp;<\/p>\n<p style=\"padding-left: 30px;\"><b>Asistencia t\u00e9cnica para el desarrollo del proyecto Alcantarilla Pedalea+ de fomento integral de la movilidad en bicicleta y VMP (2025)<br \/>\nCliente: <\/b>Ayuntamiento de Alcantarilla.<b><br \/>\n\u00c1mbito: <\/b>Alcantarilla, Murcia.<\/p>\n<p style=\"padding-left: 30px;\"><b>Consultor\u00eda y servicio de provisi\u00f3n de informaci\u00f3n de transporte de Pinto (Madrid) al Punto de Acceso Nacional de Transporte Multimodal (NAP) del Ministerio de Transportes (2024)<br \/>\nCliente: <\/b>Ayuntamiento de Pinto.<b><br \/>\n\u00c1mbito: <\/b>Pinto, Madrid<b>.<\/b><\/p>\n<p style=\"padding-left: 30px;\"><b>C\u00e1lculo de emisiones y ahorros energ\u00e9ticos de actuaci\u00f3n en v\u00eda p\u00fablica para mejorar la movilidad accesible (2024)<br \/>\nCliente: <\/b>Ayuntamiento de Altea<b>.<br \/>\n\u00c1mbito: <\/b>Altea, Alicante.<\/p>\n<p style=\"padding-left: 30px;\"><b>Estrategia de promoci\u00f3n de la micromovilidad no motorizada en los campus de la URJC (2023)<\/b><br \/>\n<b>Cliente: <\/b>Universidad Rey Juan Carlos de Madrid<b>.<br \/>\n\u00c1mbito: <\/b>Campus de Alcorc\u00f3n, Fuenlabrada, M\u00f3stoles y Madrid<b>.<\/b><\/p>\n<p style=\"padding-left: 30px;\"><b>Estrategia de Micromovilidad de Getafe (2022)<br \/>\nCliente: <\/b>Ayuntamiento de Getafe.<b><br \/>\n\u00c1mbito: <\/b>Getafe, Madrid.<\/p>\n<p style=\"padding-left: 30px;\"><b>Estudio de movilidad en bicicleta y VMP de Pinto (2022)<br \/>\nCliente: <\/b>Ayuntamiento de Pinto.<b><br \/>\n\u00c1mbito: <\/b>Pinto, Madrid.<\/p>\n<p style=\"padding-left: 30px;\"><b>PMUS de Muro de Alcoy (2021)<\/b><br \/>\nCliente: Ayuntamiento de Muro de Alcoy.<br \/>\n\u00c1mbito: Muro de Alcoy. Alicante.<\/p>\n<p style=\"padding-left: 30px;\"><b>PMUS de\u00a0Callosa de Ensarri\u00e0\u00a0(2021)<\/b><br \/>\nCliente: Ayuntamiento de\u00a0Callosa de Ensarri\u00e0.<br \/>\n\u00c1mbito: Callosa de Ensarri\u00e0. Alicante.<\/p>\n<p style=\"padding-left: 30px;\"><b>Plan Director de movilidad en bicicleta y VMP de Altea (2021)<br \/>\n<\/b>Cliente: Ayuntamiento de Altea.<br \/>\n\u00c1mbito: Altea, Alicante.<\/p>\n<p style=\"padding-left: 30px;\"><b>Plan Director de movilidad en bicicleta y VMP de Tres Cantos (2020)<\/b><br \/>\nCliente: Ayuntamiento de\u00a0Tres Cantos.<br \/>\n\u00c1mbito: Tres Cantos. Madrid.<br \/>\n<em><a href=\"https:\/\/web.trescantos.es\/area_municipal\/bici-y-vmp\/\" target=\"_blank\" rel=\"noopener\">Documentos Plan Director en la web municipal<\/a><\/em><\/p>\n<p style=\"padding-left: 30px;\"><b>Movilidad a pie, bicicleta, VMP y veh\u00edculo el\u00e9ctrico del Plan de Movilidad Urbana Sostenible de Ibi (2019)<br \/>\n<\/b>Cliente: Buchanan Consultores.<br \/>\n\u00c1mbito:\u00a0Ibi, Alicante.<\/p>\n<p style=\"padding-left: 30px;\"><b>Plan de movilidad ciclista\u00a0\/ VMP de Soto del Real y ahorros energ\u00e9ticos estimados de su implantaci\u00f3n\u00a0(2016 y 2019)<\/b><br \/>\nCliente: Ayuntamiento de Soto del Real.<br \/>\n\u00c1mbito:\u00a0Soto del Real, Madrid.<\/p>\n<p style=\"padding-left: 30px;\"><a href=\"https:\/\/www.ebxm.es\/index.php\/2020\/01\/09\/viabilidad-del-reparto-a-domicilio-en-mercados-municipales\/\"><strong>Viabilidad del reparto a domicilio en mercados municipales (2018)<\/strong><\/a><br \/>\nCliente: Ayuntamiento de Madrid. A.G.\u00a0de Econom\u00eda y\u00a0Empleo.<br \/>\n\u00c1mbito: Distritos de Puente y Villa de Vallecas.<\/p>\n<hr \/>\n<p style=\"padding-left: 30px;\"><img loading=\"lazy\" decoding=\"async\" class=\"size-full wp-image-479 alignleft\" src=\"https:\/\/www.ebxm.es\/wp-content\/uploads\/2019\/12\/Icono-Itinerarios.png\" alt=\"Itinerarios bicicleta \/ VMP\" width=\"1100\" height=\"142\" srcset=\"https:\/\/www.ebxm.es\/wp-content\/uploads\/2019\/12\/Icono-Itinerarios.png 1100w, https:\/\/www.ebxm.es\/wp-content\/uploads\/2019\/12\/Icono-Itinerarios-300x39.png 300w, https:\/\/www.ebxm.es\/wp-content\/uploads\/2019\/12\/Icono-Itinerarios-768x99.png 768w, https:\/\/www.ebxm.es\/wp-content\/uploads\/2019\/12\/Icono-Itinerarios-1024x132.png 1024w, https:\/\/www.ebxm.es\/wp-content\/uploads\/2019\/12\/Icono-Itinerarios-1000x129.png 1000w\" sizes=\"(max-width: 1100px) 100vw, 1100px\" \/><\/p>\n<p style=\"padding-left: 30px;\"><strong>Estudio para la mejora de la permeabilidad ciclista de la ciudad de Madrid (2022)<br \/>\n<\/strong>Cliente:\u00a0Ayuntamiento de Madrid.<br \/>\n\u00c1mbito: Madrid.<\/p>\n<p style=\"padding-left: 30px;\"><a href=\"https:\/\/www.ebxm.es\/index.php\/2022\/06\/14\/despliegue-de-itinerarios-para-bicicletas-vmp-en-segovia\/\"><strong>Ejes ciclistas \/ VMP en Segovia: an\u00e1lisis de alternativas y proyecto de ejecuci\u00f3n material\u00a0(2020-2021)<\/strong><\/a><br \/>\nCliente: Ayuntamiento de Segovia.<br \/>\n\u00c1mbito: Segovia.<\/p>\n<p style=\"padding-left: 30px;\"><strong>Red de Itinerarios para Bicicletas\u00a0y VMP en el desarrollo urban\u00edstico Montegancedo (2020)<\/strong><br \/>\nCliente: AEDAS Homes.<br \/>\n\u00c1mbito: Montegancedo, Pozuelo de Alarc\u00f3n, Madrid.<\/p>\n<p style=\"padding-left: 30px;\"><strong>Red de Itinerarios para Bicicletas (RIB) para intermodalidad con el transporte p\u00fablico (2016-2017)<\/strong><br \/>\nCliente: Consorcio Regional de Transportes de Madrid.<br \/>\n\u00c1mbito: Comunidad de Madrid.<br \/>\n<em><a href=\"https:\/\/www.crtm.es\/muevete-por-madrid\/madrid-en-bici\/red-itinerarios-bici.aspx\" target=\"_blank\" rel=\"noopener\">Plan RIB en la web del CRTM<\/a><\/em><\/p>\n<hr \/>\n<p style=\"padding-left: 30px;\"><img loading=\"lazy\" decoding=\"async\" class=\"size-full wp-image-480 alignleft\" src=\"https:\/\/www.ebxm.es\/wp-content\/uploads\/2019\/12\/Icono-Aparcabicis.png\" alt=\"Aparcabicis EBxM\" width=\"1100\" height=\"142\" srcset=\"https:\/\/www.ebxm.es\/wp-content\/uploads\/2019\/12\/Icono-Aparcabicis.png 1100w, https:\/\/www.ebxm.es\/wp-content\/uploads\/2019\/12\/Icono-Aparcabicis-300x39.png 300w, https:\/\/www.ebxm.es\/wp-content\/uploads\/2019\/12\/Icono-Aparcabicis-768x99.png 768w, https:\/\/www.ebxm.es\/wp-content\/uploads\/2019\/12\/Icono-Aparcabicis-1024x132.png 1024w, https:\/\/www.ebxm.es\/wp-content\/uploads\/2019\/12\/Icono-Aparcabicis-1000x129.png 1000w\" sizes=\"(max-width: 1100px) 100vw, 1100px\" \/><\/p>\n<p style=\"padding-left: 30px;\"><strong>Estudio de digitalizaci\u00f3n y actualizaci\u00f3n del inventario del estacionamientos de patinetes y bicicletas de Madrid (2022)<\/strong><br \/>\nCliente:\u00a0Ayuntamiento de Madrid.<br \/>\n\u00c1mbito: Madrid.<\/p>\n<p style=\"padding-left: 30px;\"><strong>Plan de estacionamientos y reservas para motocicletas, bicicletas y VMP de Madrid\u00a0(2021)<\/strong><br \/>\nCliente:\u00a0Ayuntamiento de Madrid.<br \/>\n\u00c1mbito: Madrid.<\/p>\n<p style=\"padding-left: 30px;\"><strong>Nuevos\u00a0hangares de bicicletas en la red de aparcamientos intermodales y adaptaci\u00f3n tecnol\u00f3gica de los BiciPark de la EMT de Madrid (2021)<\/strong><br \/>\nCliente: Intelligent Parking.<br \/>\n\u00c1mbito: Madrid.<\/p>\n<p style=\"padding-left: 30px;\"><strong>Proyecto piloto de aparcamiento de bicicletas en la estaci\u00f3n de Adif Madrid Chamart\u00edn (2020)<\/strong><br \/>\nCliente:\u00a0Adif e Intelligent Parking.<br \/>\n\u00c1mbito: Madrid.\u00a0<a href=\"https:\/\/www.adif.es\/w\/la-estaci%C3%B3n-de-madrid-chamart%C3%ADn-clara-campoamor-estrena-un-aparcamiento-seguro-para-bicicletas\" target=\"_blank\" rel=\"noopener\"><em>La estaci\u00f3n de Madrid Chamart\u00edn Clara Campoamor estrena un aparcamiento seguro para bicicletas<\/em><\/a><\/p>\n<p style=\"padding-left: 30px;\"><strong>Red de Estacionamientos de Bicicletas (REB) en nodos de transporte (2016-2018 y 2020)<\/strong><br \/>\nCliente: Consorcio Regional de Transportes de Madrid.<br \/>\n\u00c1mbito: Comunidad de Madrid.<br \/>\n<em><a href=\"https:\/\/www.crtm.es\/muevete-por-madrid\/madrid-en-bici\/red-estacionamientos-bici.aspx\">Plan REB en la web del CRTM<\/a><\/em><\/p>\n<hr \/>\n<p style=\"padding-left: 30px;\"><img loading=\"lazy\" decoding=\"async\" class=\"size-full wp-image-481 alignleft\" src=\"https:\/\/www.ebxm.es\/wp-content\/uploads\/2019\/12\/Icono-Patinete-compartido.png\" alt=\"Patinete compartido EBxM\" width=\"1100\" height=\"142\" srcset=\"https:\/\/www.ebxm.es\/wp-content\/uploads\/2019\/12\/Icono-Patinete-compartido.png 1100w, https:\/\/www.ebxm.es\/wp-content\/uploads\/2019\/12\/Icono-Patinete-compartido-300x39.png 300w, https:\/\/www.ebxm.es\/wp-content\/uploads\/2019\/12\/Icono-Patinete-compartido-768x99.png 768w, https:\/\/www.ebxm.es\/wp-content\/uploads\/2019\/12\/Icono-Patinete-compartido-1024x132.png 1024w, https:\/\/www.ebxm.es\/wp-content\/uploads\/2019\/12\/Icono-Patinete-compartido-1000x129.png 1000w\" sizes=\"(max-width: 1100px) 100vw, 1100px\" \/><\/p>\n<p style=\"padding-left: 30px;\"><strong>Estudio viabilidad para la operaci\u00f3n de patinetes el\u00e9ctricos compartidos (2018)<\/strong><br \/>\nCliente: Varias empresas.<br \/>\n\u00c1mbito: Madrid.<\/p>\n<hr \/>\n<p style=\"padding-left: 30px;\"><img loading=\"lazy\" decoding=\"async\" class=\"size-full wp-image-482 alignleft\" src=\"https:\/\/www.ebxm.es\/wp-content\/uploads\/2019\/12\/Icono-Bici-compartida.png\" alt=\"Bicicleta compartida EBxM\" width=\"1100\" height=\"142\" srcset=\"https:\/\/www.ebxm.es\/wp-content\/uploads\/2019\/12\/Icono-Bici-compartida.png 1100w, https:\/\/www.ebxm.es\/wp-content\/uploads\/2019\/12\/Icono-Bici-compartida-300x39.png 300w, https:\/\/www.ebxm.es\/wp-content\/uploads\/2019\/12\/Icono-Bici-compartida-768x99.png 768w, https:\/\/www.ebxm.es\/wp-content\/uploads\/2019\/12\/Icono-Bici-compartida-1024x132.png 1024w, https:\/\/www.ebxm.es\/wp-content\/uploads\/2019\/12\/Icono-Bici-compartida-1000x129.png 1000w\" sizes=\"(max-width: 1100px) 100vw, 1100px\" \/><\/p>\n<p style=\"padding-left: 30px;\"><strong>Proyecto de movilidad sostenible con bicicletas compartidas y aparcamiento protegido (2022)<\/strong><br \/>\nCliente: Ayuntamiento de Villaescusa.<br \/>\n\u00c1mbito: Villaescusa, Cantabria.<\/p>\n<p style=\"padding-left: 30px;\"><strong>Proyecto Commuting Limpio Fuenlabrada, ganador del programa MOVES Singulares del IDAE (2020 &#8211; 2022)<\/strong><br \/>\nCliente:\u00a0Ayuntamiento de Fuenlabrada, Khora Urban Thinkers y Eptisa.<br \/>\n\u00c1mbito: Fuenlabrada, Madrid.<\/p>\n<p style=\"padding-left: 30px;\"><strong>Estudio de ampliaci\u00f3n de BiciMAD mediante participaci\u00f3n (2017)<\/strong><br \/>\nCliente: Iniciativa propia, en colaboraci\u00f3n con Emapic.<br \/>\n\u00c1mbito: Madrid.<\/p>\n<p style=\"padding-left: 30px;\"><em><a href=\"https:\/\/emapic.es\/custom\/enbicipormadrid\/bicimad\/results\" target=\"_blank\" rel=\"noopener\">\u00bfHacia d\u00f3nde ampliar biciMAD? Resultados de la participaci\u00f3n<\/a><\/em><\/p>\n<hr \/>\n<p style=\"padding-left: 30px;\"><img loading=\"lazy\" decoding=\"async\" class=\"aligncenter size-full wp-image-487\" src=\"https:\/\/www.ebxm.es\/wp-content\/uploads\/2019\/12\/Icono-An\u00e1lisis-territoriales.png\" alt=\"An\u00e1lisis territoriales EBxM\" width=\"1100\" height=\"102\" srcset=\"https:\/\/www.ebxm.es\/wp-content\/uploads\/2019\/12\/Icono-An\u00e1lisis-territoriales.png 1100w, https:\/\/www.ebxm.es\/wp-content\/uploads\/2019\/12\/Icono-An\u00e1lisis-territoriales-300x28.png 300w, https:\/\/www.ebxm.es\/wp-content\/uploads\/2019\/12\/Icono-An\u00e1lisis-territoriales-768x71.png 768w, https:\/\/www.ebxm.es\/wp-content\/uploads\/2019\/12\/Icono-An\u00e1lisis-territoriales-1024x95.png 1024w, https:\/\/www.ebxm.es\/wp-content\/uploads\/2019\/12\/Icono-An\u00e1lisis-territoriales-1000x93.png 1000w\" sizes=\"(max-width: 1100px) 100vw, 1100px\" \/><\/p>\n<p style=\"padding-left: 30px;\"><strong>Dise\u00f1o de la se\u00f1alizaci\u00f3n vertical de la ruta intercampus de la URJC (2024)<br \/>\nCliente:\u00a0<\/strong>Universidad Rey Juan Carlos de Madrid.<strong><br \/>\n\u00c1mbito: <\/strong>Comunidad de Madrid.<\/p>\n<p style=\"padding-left: 30px;\"><strong>Dise\u00f1o y aplicaci\u00f3n a proyecto europeo para mejora de la seguridad frente al robo de bicicletas (2024)<br \/>\nCliente:\u00a0<\/strong>Intelligent Parking S.L.<strong><br \/>\n\u00c1mbito: <\/strong>Vitoria-Gasteiz.<\/p>\n<p style=\"padding-left: 30px;\"><strong>Redistribuci\u00f3n de flota de veh\u00edculos carsharing mediante bicicletas-e plegables y patinetes (2021)<\/strong><br \/>\nCliente:\u00a0ShareNow (car2go).<br \/>\n\u00c1mbito: Madrid.<\/p>\n<p style=\"padding-left: 30px;\"><strong>Viabilidad del tr\u00e1nsito de diferentes veh\u00edculos ligeros y pesados por las calles de Madrid (2020)<\/strong><br \/>\nCliente: Urbaser.<br \/>\n\u00c1mbito: Madrid.<\/p>\n<hr \/>\n<p><em>\u00a0Formaci\u00f3n t\u00e9cnica y pr\u00e1ctica<\/em><\/p>\n<p><strong>Dinamizaci\u00f3n de actividades en la Semana Europea de la Movilidad (2024)<br \/>\nCliente: <\/strong>Ayuntamiento de Getafe.<strong><br \/>\n\u00c1mbito: <\/strong>Getafe, Madrid<strong>.<\/strong><\/p>\n<p><strong>Coordinaci\u00f3n e impartici\u00f3n de contenidos en el curso de Mantenimiento de Bicicletas y VMP (2024)<br \/>\nCliente: <\/strong>Gala Formaci\u00f3n y SIMSS.<strong><br \/>\n\u00c1mbito: <\/strong>Madrid.<\/p>\n<p><strong>Redacci\u00f3n de contenidos para FP de T\u00e9cnico Superior en Formaci\u00f3n para la Movilidad Segura y Sostenible (2023)<\/strong><br \/>\nCliente: Gala Formaci\u00f3n.<br \/>\n\u00c1mbito: Espa\u00f1a.<\/p>\n<p><em>Participaci\u00f3n ciudadana, Promoci\u00f3n y Concienciaci\u00f3n<\/em><\/p>\n<p><strong>Promoci\u00f3n de la movilidad activa (2022)<\/strong><br \/>\nCliente: Ayuntamiento de Logro\u00f1o.<br \/>\n\u00c1mbito: Logro\u00f1o, La Rioja.<\/p>\n<h2><\/h2>\n","protected":false},"excerpt":{"rendered":"<p>&nbsp; &nbsp; &nbsp; Taller de puesta a punto de bicicletas para empleados de Tragsa en la Semana Europea de la Movilidad (2024) Cliente: Tragsa. \u00c1mbito: Centros de trabajo Madrid Juli\u00e1n&hellip; <a class=\"excerpt-more-link\" href=\"https:\/\/www.ebxm.es\/index.php\/proyectos-destacados\/\">Read More<\/a><\/p>\n","protected":false},"author":1,"featured_media":0,"parent":0,"menu_order":0,"comment_status":"closed","ping_status":"closed","template":"","meta":{"footnotes":""},"_links":{"self":[{"href":"https:\/\/www.ebxm.es\/index.php\/wp-json\/wp\/v2\/pages\/344"}],"collection":[{"href":"https:\/\/www.ebxm.es\/index.php\/wp-json\/wp\/v2\/pages"}],"about":[{"href":"https:\/\/www.ebxm.es\/index.php\/wp-json\/wp\/v2\/types\/page"}],"author":[{"embeddable":true,"href":"https:\/\/www.ebxm.es\/index.php\/wp-json\/wp\/v2\/users\/1"}],"replies":[{"embeddable":true,"href":"https:\/\/www.ebxm.es\/index.php\/wp-json\/wp\/v2\/comments?post=344"}],"version-history":[{"count":69,"href":"https:\/\/www.ebxm.es\/index.php\/wp-json\/wp\/v2\/pages\/344\/revisions"}],"predecessor-version":[{"id":769,"href":"https:\/\/www.ebxm.es\/index.php\/wp-json\/wp\/v2\/pages\/344\/revisions\/769"}],"wp:attachment":[{"href":"https:\/\/www.ebxm.es\/index.php\/wp-json\/wp\/v2\/media?parent=344"}],"curies":[{"name":"wp","href":"https:\/\/api.w.org\/{rel}","templated":true}]}}