{"id":669,"date":"2024-02-13T11:56:10","date_gmt":"2024-02-13T10:56:10","guid":{"rendered":"https:\/\/www.ebxm.es\/?page_id=669"},"modified":"2024-04-16T12:56:45","modified_gmt":"2024-04-16T10:56:45","slug":"diseno-de-infraestructuras-ciclistas-vmp","status":"publish","type":"page","link":"https:\/\/www.ebxm.es\/index.php\/diseno-de-infraestructuras-ciclistas-vmp\/","title":{"rendered":"Dise\u00f1o de infraestructuras ciclistas \/ VMP"},"content":{"rendered":"\n<figure class=\"wp-block-image size-large\"><img loading=\"lazy\" decoding=\"async\" width=\"1024\" height=\"683\" src=\"https:\/\/www.ebxm.es\/wp-content\/uploads\/2024\/04\/iStock-1392356345-1024x683.jpg\" alt=\"\" class=\"wp-image-707\" srcset=\"https:\/\/www.ebxm.es\/wp-content\/uploads\/2024\/04\/iStock-1392356345-1024x683.jpg 1024w, https:\/\/www.ebxm.es\/wp-content\/uploads\/2024\/04\/iStock-1392356345-300x200.jpg 300w, https:\/\/www.ebxm.es\/wp-content\/uploads\/2024\/04\/iStock-1392356345-768x512.jpg 768w, https:\/\/www.ebxm.es\/wp-content\/uploads\/2024\/04\/iStock-1392356345-1536x1024.jpg 1536w, https:\/\/www.ebxm.es\/wp-content\/uploads\/2024\/04\/iStock-1392356345-2048x1365.jpg 2048w, https:\/\/www.ebxm.es\/wp-content\/uploads\/2024\/04\/iStock-1392356345-1000x667.jpg 1000w, https:\/\/www.ebxm.es\/wp-content\/uploads\/2024\/04\/iStock-1392356345-660x440.jpg 660w, https:\/\/www.ebxm.es\/wp-content\/uploads\/2024\/04\/iStock-1392356345-373x248.jpg 373w\" sizes=\"(max-width: 1024px) 100vw, 1024px\" \/><\/figure>\n\n\n\n<p><\/p>\n\n\n\n<p>Itinerarios ciclistas y VMP<\/p>\n\n\n\n<p>Aparcabicis<\/p>\n\n\n\n<p>Se\u00f1alizaci\u00f3n y orientaci\u00f3n<\/p>\n","protected":false},"excerpt":{"rendered":"<p>Itinerarios ciclistas y VMP Aparcabicis Se\u00f1alizaci\u00f3n y orientaci\u00f3n<\/p>\n","protected":false},"author":1,"featured_media":0,"parent":0,"menu_order":0,"comment_status":"closed","ping_status":"closed","template":"","meta":{"footnotes":""},"_links":{"self":[{"href":"https:\/\/www.ebxm.es\/index.php\/wp-json\/wp\/v2\/pages\/669"}],"collection":[{"href":"https:\/\/www.ebxm.es\/index.php\/wp-json\/wp\/v2\/pages"}],"about":[{"href":"https:\/\/www.ebxm.es\/index.php\/wp-json\/wp\/v2\/types\/page"}],"author":[{"embeddable":true,"href":"https:\/\/www.ebxm.es\/index.php\/wp-json\/wp\/v2\/users\/1"}],"replies":[{"embeddable":true,"href":"https:\/\/www.ebxm.es\/index.php\/wp-json\/wp\/v2\/comments?post=669"}],"version-history":[{"count":4,"href":"https:\/\/www.ebxm.es\/index.php\/wp-json\/wp\/v2\/pages\/669\/revisions"}],"predecessor-version":[{"id":710,"href":"https:\/\/www.ebxm.es\/index.php\/wp-json\/wp\/v2\/pages\/669\/revisions\/710"}],"wp:attachment":[{"href":"https:\/\/www.ebxm.es\/index.php\/wp-json\/wp\/v2\/media?parent=669"}],"curies":[{"name":"wp","href":"https:\/\/api.w.org\/{rel}","templated":true}]}}