{"id":677,"date":"2024-02-13T12:01:53","date_gmt":"2024-02-13T11:01:53","guid":{"rendered":"https:\/\/www.ebxm.es\/?page_id=677"},"modified":"2024-04-16T12:44:49","modified_gmt":"2024-04-16T10:44:49","slug":"formacion","status":"publish","type":"page","link":"https:\/\/www.ebxm.es\/index.php\/formacion\/","title":{"rendered":"Formaci\u00f3n"},"content":{"rendered":"\n<figure class=\"wp-block-image size-large\"><img loading=\"lazy\" decoding=\"async\" width=\"1024\" height=\"683\" src=\"https:\/\/www.ebxm.es\/wp-content\/uploads\/2024\/04\/jason-goodman-Oalh2MojUuk-unsplash-1024x683.jpg\" alt=\"\" class=\"wp-image-695\" srcset=\"https:\/\/www.ebxm.es\/wp-content\/uploads\/2024\/04\/jason-goodman-Oalh2MojUuk-unsplash-1024x683.jpg 1024w, https:\/\/www.ebxm.es\/wp-content\/uploads\/2024\/04\/jason-goodman-Oalh2MojUuk-unsplash-300x200.jpg 300w, https:\/\/www.ebxm.es\/wp-content\/uploads\/2024\/04\/jason-goodman-Oalh2MojUuk-unsplash-768x512.jpg 768w, https:\/\/www.ebxm.es\/wp-content\/uploads\/2024\/04\/jason-goodman-Oalh2MojUuk-unsplash-1536x1024.jpg 1536w, https:\/\/www.ebxm.es\/wp-content\/uploads\/2024\/04\/jason-goodman-Oalh2MojUuk-unsplash-2048x1365.jpg 2048w, https:\/\/www.ebxm.es\/wp-content\/uploads\/2024\/04\/jason-goodman-Oalh2MojUuk-unsplash-1000x667.jpg 1000w, https:\/\/www.ebxm.es\/wp-content\/uploads\/2024\/04\/jason-goodman-Oalh2MojUuk-unsplash-660x440.jpg 660w, https:\/\/www.ebxm.es\/wp-content\/uploads\/2024\/04\/jason-goodman-Oalh2MojUuk-unsplash-373x248.jpg 373w\" sizes=\"(max-width: 1024px) 100vw, 1024px\" \/><\/figure>\n\n\n\n<p><\/p>\n\n\n\n<p>Redacci\u00f3n, gesti\u00f3n e impartici\u00f3n de contenidos formativos (M\u00e1ster, cursos, jornadas, charlas&#8230;)<\/p>\n\n\n\n<p>Formaci\u00f3n en el uso urbano seguro, responsable y eficaz de bicicleta \u00abcicloescuela\u00bb, VMP y motos.<\/p>\n\n\n\n<p><\/p>\n","protected":false},"excerpt":{"rendered":"<p>Redacci\u00f3n, gesti\u00f3n e impartici\u00f3n de contenidos formativos (M\u00e1ster, cursos, jornadas, charlas&#8230;) Formaci\u00f3n en el uso urbano seguro, responsable y eficaz de bicicleta \u00abcicloescuela\u00bb, VMP y motos.<\/p>\n","protected":false},"author":1,"featured_media":0,"parent":0,"menu_order":0,"comment_status":"closed","ping_status":"closed","template":"","meta":{"footnotes":""},"_links":{"self":[{"href":"https:\/\/www.ebxm.es\/index.php\/wp-json\/wp\/v2\/pages\/677"}],"collection":[{"href":"https:\/\/www.ebxm.es\/index.php\/wp-json\/wp\/v2\/pages"}],"about":[{"href":"https:\/\/www.ebxm.es\/index.php\/wp-json\/wp\/v2\/types\/page"}],"author":[{"embeddable":true,"href":"https:\/\/www.ebxm.es\/index.php\/wp-json\/wp\/v2\/users\/1"}],"replies":[{"embeddable":true,"href":"https:\/\/www.ebxm.es\/index.php\/wp-json\/wp\/v2\/comments?post=677"}],"version-history":[{"count":3,"href":"https:\/\/www.ebxm.es\/index.php\/wp-json\/wp\/v2\/pages\/677\/revisions"}],"predecessor-version":[{"id":696,"href":"https:\/\/www.ebxm.es\/index.php\/wp-json\/wp\/v2\/pages\/677\/revisions\/696"}],"wp:attachment":[{"href":"https:\/\/www.ebxm.es\/index.php\/wp-json\/wp\/v2\/media?parent=677"}],"curies":[{"name":"wp","href":"https:\/\/api.w.org\/{rel}","templated":true}]}}