{"id":722,"date":"2024-04-16T13:20:41","date_gmt":"2024-04-16T11:20:41","guid":{"rendered":"https:\/\/www.ebxm.es\/?page_id=722"},"modified":"2024-04-16T13:20:55","modified_gmt":"2024-04-16T11:20:55","slug":"noticias","status":"publish","type":"page","link":"https:\/\/www.ebxm.es\/index.php\/noticias\/","title":{"rendered":"Noticias"},"content":{"rendered":"\n<figure class=\"wp-block-image size-large\"><img loading=\"lazy\" decoding=\"async\" width=\"1024\" height=\"680\" src=\"https:\/\/www.ebxm.es\/wp-content\/uploads\/2024\/04\/iStock-157308855-1024x680.jpg\" alt=\"\" class=\"wp-image-724\" srcset=\"https:\/\/www.ebxm.es\/wp-content\/uploads\/2024\/04\/iStock-157308855-1024x680.jpg 1024w, https:\/\/www.ebxm.es\/wp-content\/uploads\/2024\/04\/iStock-157308855-300x199.jpg 300w, https:\/\/www.ebxm.es\/wp-content\/uploads\/2024\/04\/iStock-157308855-768x510.jpg 768w, https:\/\/www.ebxm.es\/wp-content\/uploads\/2024\/04\/iStock-157308855-1536x1020.jpg 1536w, https:\/\/www.ebxm.es\/wp-content\/uploads\/2024\/04\/iStock-157308855-2048x1361.jpg 2048w, https:\/\/www.ebxm.es\/wp-content\/uploads\/2024\/04\/iStock-157308855-1000x664.jpg 1000w, https:\/\/www.ebxm.es\/wp-content\/uploads\/2024\/04\/iStock-157308855-373x248.jpg 373w\" sizes=\"(max-width: 1024px) 100vw, 1024px\" \/><\/figure>\n\n\n\n<p><\/p>\n\n\n\n<p>Puedes conocer iniciativas o proyectos en las que participamos siguiendo nuestros perfiles en redes sociales:<\/p>\n\n\n\n<p><a href=\"https:\/\/twitter.com\/EBxMconsultoria\" target=\"_blank\" rel=\"noreferrer noopener\">EBxM Consultar\u00eda en X<\/a> (antes Twitter)<br><a href=\"https:\/\/www.facebook.com\/EBxMconsultoria\/\" target=\"_blank\" rel=\"noreferrer noopener\">EBxM Consultor\u00eda en Facebook<\/a><br><a href=\"https:\/\/www.linkedin.com\/company\/ebxmconsultoria\/\" target=\"_blank\" rel=\"noreferrer noopener\">EBxM Consultor\u00eda en LinkedIn<\/a><\/p>\n","protected":false},"excerpt":{"rendered":"<p>Puedes conocer iniciativas o proyectos en las que participamos siguiendo nuestros perfiles en redes sociales: EBxM Consultar\u00eda en X (antes Twitter)EBxM Consultor\u00eda en FacebookEBxM Consultor\u00eda en LinkedIn<\/p>\n","protected":false},"author":1,"featured_media":0,"parent":0,"menu_order":0,"comment_status":"closed","ping_status":"closed","template":"","meta":{"footnotes":""},"_links":{"self":[{"href":"https:\/\/www.ebxm.es\/index.php\/wp-json\/wp\/v2\/pages\/722"}],"collection":[{"href":"https:\/\/www.ebxm.es\/index.php\/wp-json\/wp\/v2\/pages"}],"about":[{"href":"https:\/\/www.ebxm.es\/index.php\/wp-json\/wp\/v2\/types\/page"}],"author":[{"embeddable":true,"href":"https:\/\/www.ebxm.es\/index.php\/wp-json\/wp\/v2\/users\/1"}],"replies":[{"embeddable":true,"href":"https:\/\/www.ebxm.es\/index.php\/wp-json\/wp\/v2\/comments?post=722"}],"version-history":[{"count":2,"href":"https:\/\/www.ebxm.es\/index.php\/wp-json\/wp\/v2\/pages\/722\/revisions"}],"predecessor-version":[{"id":726,"href":"https:\/\/www.ebxm.es\/index.php\/wp-json\/wp\/v2\/pages\/722\/revisions\/726"}],"wp:attachment":[{"href":"https:\/\/www.ebxm.es\/index.php\/wp-json\/wp\/v2\/media?parent=722"}],"curies":[{"name":"wp","href":"https:\/\/api.w.org\/{rel}","templated":true}]}}